{"id":797,"date":"2017-05-20T19:27:17","date_gmt":"2017-05-20T18:27:17","guid":{"rendered":"http:\/\/praxis-duong.de\/?page_id=797"},"modified":"2020-11-01T14:25:28","modified_gmt":"2020-11-01T13:25:28","slug":"links","status":"publish","type":"page","link":"https:\/\/praxis-duong.de\/gb\/arzt-wittmund\/links\/","title":{"rendered":"Links"},"content":{"rendered":"\n<p><a name=\"A\"><\/a><br \/>Hier sind einige n\u00fctzliche Links in alphabetischer Reihenfolge. Die Liste wird nach Bedarf erweitert. Leider k\u00f6nnen wir nicht f\u00fcr die Aktualit\u00e4t, Vollst\u00e4ndigkeit und inhaltliche Korrektheit der externen Links gew\u00e4hrleisten.<\/p>\n\n\n\n<p>A <a href=\"#B\">B<\/a> <a href=\"#C\">C<\/a> <a href=\"#D\">D<\/a> E F <a href=\"#G\">G<\/a> H I J <a href=\"#K\">K<\/a> <a href=\"#L\">L<\/a> <a href=\"#M\">M<\/a> <a href=\"#N\">N<\/a> O <a href=\"#P\">P<\/a> Q R <a href=\"#S\">S<\/a> <a href=\"#T\">T<\/a> U <a href=\"#V\">V<\/a> W X Y Z<\/p>\n\n\n\n<p>A<br \/><a href=\"http:\/\/www.arztauskunft-niedersachsen.de\/arztsuche\/index.action\" target=\"_blank\" rel=\"noopener noreferrer\">Arztauskunft Niedersachsen<\/a><br \/><a name=\"B\"><\/a><\/p>\n\n\n\n<p>B<br \/><a href=\"http:\/\/www.kbv.de\/media\/sp\/Patienteninformation_Bauchaortenaneurysma.pdf\" target=\"_blank\" rel=\"noopener noreferrer\">Bauchaortenaneurysma<\/a><br \/><a href=\"http:\/\/www.amtsgericht-wittmund.niedersachsen.de\" target=\"_blank\" rel=\"noopener noreferrer\">Betreuungsgericht &#8211; Amtsgericht Wittmund<\/a><br \/><a name=\"C\"><\/a><\/p>\n\n\n\n<p>C<br \/><a href=\"http:\/\/www.carolinensiel.de\/\" target=\"_blank\" rel=\"noopener noreferrer\">Carolinensiel<\/a><br \/><a href=\"http:\/\/www.crm.de\/\" target=\"_blank\" rel=\"noopener noreferrer\">Centrum f\u00fcr Reisemedizin<\/a><br \/><a name=\"D\"><\/a><\/p>\n\n\n\n<p>D<br \/><a href=\"https:\/\/praxis-duong.de\/wp-content\/uploads\/2018\/05\/20180525-Patienteninformation.pdf\" target=\"_blank\" rel=\"noopener noreferrer\">Patienteninformation zum Datenschutz (DSGVO)<\/a><br \/><a href=\"https:\/\/www.pvs-niedersachsen.de\/sonstiges\/transparenzerklaerung\/\" target=\"_blank\" rel=\"noopener noreferrer\">Transparenzerkl\u00e4rung der PVS zu DSGVO<\/a><br \/><a name=\"G\"><\/a><\/p>\n\n\n\n<p>G<br \/>elektronische Gesundheitskarte (<a href=\"https:\/\/praxis-duong.de\/wp-content\/uploads\/2018\/11\/20181115-VK-nicht-lesbar.pdf\" target=\"_blank\" rel=\"noopener noreferrer\">e-GK Information<\/a>)<br \/><a name=\"K\"><\/a><\/p>\n\n\n\n<p>K<br \/><a href=\"https:\/\/www.klinikum-whv.de\/\" target=\"_blank\" rel=\"noopener noreferrer\">Klinikum Wilhelmshaven<\/a><br \/><a href=\"http:\/\/www.kh-wtm.de\/\" target=\"_blank\" rel=\"noopener noreferrer\">Krankenhaus Wittmund<\/a><br \/><a href=\"http:\/\/www.sanderbusch.de\/\" target=\"_blank\" rel=\"noopener noreferrer\">Nordwest-Krankenhaus Sanderbusch<\/a><br \/><a aria-label=\"KBV-Zukunftspraxis (\u00f6ffnet in neuem Tab)\" href=\"https:\/\/praxis-duong.de\/wp-content\/uploads\/2019\/11\/20191109-Pat-Info.pdf\" target=\"_blank\" rel=\"noreferrer noopener\">KBV-Zukunftspraxis<\/a><br \/><a name=\"L\"><\/a><\/p>\n\n\n\n<p>L<br \/><a href=\"http:\/\/www.kirchenkreis-harlingerland.de\/diakonie\/lebensberatung\" target=\"_blank\" rel=\"noopener noreferrer\">Diakonie Lebensberatung<\/a><br \/><a name=\"M\"><\/a><\/p>\n\n\n\n<p>M<br \/><a href=\"https:\/\/mammotermin.de\/login\/03\" target=\"_blank\" rel=\"noopener noreferrer\">Mammographie-Terminbest\u00e4tigung<\/a><br \/><a href=\"https:\/\/www.patienten-information.de\/mdb\/downloads\/kip\/krebs\/methadon-kip.pdf\" target=\"_blank\" rel=\"noopener noreferrer\">Methadon<\/a><br \/><a name=\"N\"><\/a><\/p>\n\n\n\n<p>N<br \/><a rel=\"noopener noreferrer\" href=\"http:\/\/www.soziales.niedersachsen.de\/standorte_direkt\/oldenburg\/kontakt-zum-landesamt-fuer-soziales-jugend-und-familie---auenstelle-oldenburg---357.html\" target=\"_blank\">Nieders\u00e4chsisches Landesamt f\u00fcr Soziales, Jugend und Familie (Versorgungsamt Oldenburg)<\/a><br \/><a name=\"P\"><\/a><a href=\"https:\/\/praxis-duong.de\/wp-content\/uploads\/2020\/11\/20201030-Notfalldatensatz.pdf\" target=\"_blank\" rel=\"noreferrer noopener\">Notfalldatensatz gespeichert auf Ihrer Versicherungskarte (Beispiel)<\/a><\/p>\n\n\n\n<p>P<br \/><a href=\"http:\/\/www.kbv.de\/html\/3001.php\" target=\"_blank\" rel=\"noopener noreferrer\">Patienteninformationen der Kassen\u00e4rztlichen Bundesvereinigung<\/a><br \/><a href=\"https:\/\/www.aekn.de\/patienteninfo\/patientenverfuegung\/\" target=\"_blank\" rel=\"noopener noreferrer\">Patientenverf\u00fcgung \/ Betreuungsverf\u00fcgung \/ Vorsorgevollmacht<\/a><br \/><a name=\"S\"><\/a><\/p>\n\n\n\n<p>S<br \/><a href=\"http:\/\/www.selbsthilfekontaktstelle-whv.de\/docs\/?page_id=52\" target=\"_blank\" rel=\"noopener noreferrer\">Selbsthilfegruppen aus Wilhelmshaven und Wittmund<\/a><br \/><a name=\"T\"><\/a><\/p>\n\n\n\n<p>T<br \/> <a href=\"https:\/\/praxis-duong.de\/wp-content\/uploads\/2019\/11\/20191109-Pat-Info.pdf\" target=\"_blank\" rel=\"noreferrer noopener\" aria-label=\"Telefonassistent Aaron.ai (\u00f6ffnet in neuem Tab)\">Telefonassistent Aaron.ai<\/a><br \/> <a rel=\"noopener noreferrer\" href=\"http:\/\/www.kvn.de\/Patienten\/TerminServiceStelle\/\" target=\"_blank\">TerminServiceStelle<\/a><br \/><a name=\"V\"><\/a><\/p>\n\n\n\n<p>V<br \/><a href=\"http:\/\/www.soziales.niedersachsen.de\/standorte_direkt\/oldenburg\/kontakt-zum-landesamt-fuer-soziales-jugend-und-familie---auenstelle-oldenburg---357.html\" target=\"_blank\" rel=\"noopener noreferrer\">Nieders\u00e4chsisches Landesamt f\u00fcr Soziales, Jugend und Familie (Versorgungsamt Oldenburg)<\/a><\/p>\n\n\n\n<p><a href=\"#A\">Nach oben<\/a><\/p>\n","protected":false},"excerpt":{"rendered":"<p>Hier sind einige n\u00fctzliche Links in alphabetischer Reihenfolge. Die Liste wird nach Bedarf erweitert. Leider k\u00f6nnen wir nicht f\u00fcr die Aktualit\u00e4t, Vollst\u00e4ndigkeit und inhaltliche Korrektheit der externen Links gew\u00e4hrleisten. A B C D E F G H I J K &hellip; <a href=\"https:\/\/praxis-duong.de\/gb\/arzt-wittmund\/links\/\">Continue reading <span class=\"meta-nav\">&rarr;<\/span><\/a><\/p>\n","protected":false},"author":1,"featured_media":0,"parent":2,"menu_order":7,"comment_status":"closed","ping_status":"closed","template":"sidebar-page.php","meta":{"footnotes":""},"class_list":["post-797","page","type-page","status-publish","hentry"],"translation":{"provider":"WPGlobus","version":"3.0.2","language":"gb","enabled_languages":["de","gb"],"languages":{"de":{"title":true,"content":true,"excerpt":false},"gb":{"title":false,"content":false,"excerpt":false}}},"yoast_head":"<!-- This site is optimized with the Yoast SEO plugin v27.3 - https:\/\/yoast.com\/product\/yoast-seo-wordpress\/ -->\n<title>Links - Hausarztpraxis Khanh-Tho Duong<\/title>\n<meta name=\"robots\" content=\"index, follow, max-snippet:-1, max-image-preview:large, max-video-preview:-1\" \/>\n<link rel=\"canonical\" href=\"https:\/\/praxis-duong.de\/arzt-wittmund\/links\/\" \/>\n<meta property=\"og:locale\" content=\"en_GB\" \/>\n<meta property=\"og:type\" content=\"article\" \/>\n<meta property=\"og:title\" content=\"Links - Hausarztpraxis Khanh-Tho Duong\" \/>\n<meta property=\"og:url\" content=\"https:\/\/praxis-duong.de\/arzt-wittmund\/links\/\" \/>\n<meta property=\"og:site_name\" content=\"Hausarztpraxis Khanh-Tho Duong\" \/>\n<meta property=\"article:modified_time\" content=\"2020-11-01T13:25:28+00:00\" \/>\n<meta name=\"twitter:label1\" content=\"Estimated reading time\" \/>\n\t<meta name=\"twitter:data1\" content=\"1 minute\" \/>\n<script type=\"application\/ld+json\" class=\"yoast-schema-graph\">{\"@context\":\"https:\\\/\\\/schema.org\",\"@graph\":[{\"@type\":\"WebPage\",\"@id\":\"https:\\\/\\\/praxis-duong.de\\\/arzt-wittmund\\\/links\\\/\",\"url\":\"https:\\\/\\\/praxis-duong.de\\\/arzt-wittmund\\\/links\\\/\",\"name\":\"Links - Hausarztpraxis Khanh-Tho Duong\",\"isPartOf\":{\"@id\":\"https:\\\/\\\/praxis-duong.de\\\/#website\"},\"datePublished\":\"2017-05-20T18:27:17+00:00\",\"dateModified\":\"2020-11-01T13:25:28+00:00\",\"breadcrumb\":{\"@id\":\"https:\\\/\\\/praxis-duong.de\\\/arzt-wittmund\\\/links\\\/#breadcrumb\"},\"inLanguage\":\"en-GB\",\"potentialAction\":[{\"@type\":\"ReadAction\",\"target\":[\"https:\\\/\\\/praxis-duong.de\\\/arzt-wittmund\\\/links\\\/\"]}]},{\"@type\":\"BreadcrumbList\",\"@id\":\"https:\\\/\\\/praxis-duong.de\\\/arzt-wittmund\\\/links\\\/#breadcrumb\",\"itemListElement\":[{\"@type\":\"ListItem\",\"position\":1,\"name\":\"Home\",\"item\":\"https:\\\/\\\/praxis-duong.de\\\/\"},{\"@type\":\"ListItem\",\"position\":2,\"name\":\"Herzlich Willkommen!\",\"item\":\"https:\\\/\\\/praxis-duong.de\\\/\"},{\"@type\":\"ListItem\",\"position\":3,\"name\":\"Links\"}]},{\"@type\":\"WebSite\",\"@id\":\"https:\\\/\\\/praxis-duong.de\\\/#website\",\"url\":\"https:\\\/\\\/praxis-duong.de\\\/\",\"name\":\"Hausarztpraxis Khanh-Tho Duong\",\"description\":\"General practice in the seaside spa town of Carolinensiel\",\"potentialAction\":[{\"@type\":\"SearchAction\",\"target\":{\"@type\":\"EntryPoint\",\"urlTemplate\":\"https:\\\/\\\/praxis-duong.de\\\/?s={search_term_string}\"},\"query-input\":{\"@type\":\"PropertyValueSpecification\",\"valueRequired\":true,\"valueName\":\"search_term_string\"}}],\"inLanguage\":\"en-GB\"}]}<\/script>\n<!-- \/ Yoast SEO plugin. -->","yoast_head_json":{"title":"Links - Hausarztpraxis Khanh-Tho Duong","robots":{"index":"index","follow":"follow","max-snippet":"max-snippet:-1","max-image-preview":"max-image-preview:large","max-video-preview":"max-video-preview:-1"},"canonical":"https:\/\/praxis-duong.de\/arzt-wittmund\/links\/","og_locale":"en_GB","og_type":"article","og_title":"Links - Hausarztpraxis Khanh-Tho Duong","og_url":"https:\/\/praxis-duong.de\/arzt-wittmund\/links\/","og_site_name":"Hausarztpraxis Khanh-Tho Duong","article_modified_time":"2020-11-01T13:25:28+00:00","twitter_misc":{"Estimated reading time":"1 minute"},"schema":{"@context":"https:\/\/schema.org","@graph":[{"@type":"WebPage","@id":"https:\/\/praxis-duong.de\/arzt-wittmund\/links\/","url":"https:\/\/praxis-duong.de\/arzt-wittmund\/links\/","name":"Links - Hausarztpraxis Khanh-Tho Duong","isPartOf":{"@id":"https:\/\/praxis-duong.de\/#website"},"datePublished":"2017-05-20T18:27:17+00:00","dateModified":"2020-11-01T13:25:28+00:00","breadcrumb":{"@id":"https:\/\/praxis-duong.de\/arzt-wittmund\/links\/#breadcrumb"},"inLanguage":"en-GB","potentialAction":[{"@type":"ReadAction","target":["https:\/\/praxis-duong.de\/arzt-wittmund\/links\/"]}]},{"@type":"BreadcrumbList","@id":"https:\/\/praxis-duong.de\/arzt-wittmund\/links\/#breadcrumb","itemListElement":[{"@type":"ListItem","position":1,"name":"Home","item":"https:\/\/praxis-duong.de\/"},{"@type":"ListItem","position":2,"name":"Herzlich Willkommen!","item":"https:\/\/praxis-duong.de\/"},{"@type":"ListItem","position":3,"name":"Links"}]},{"@type":"WebSite","@id":"https:\/\/praxis-duong.de\/#website","url":"https:\/\/praxis-duong.de\/","name":"Hausarztpraxis Khanh-Tho Duong","description":"General practice in the seaside spa town of Carolinensiel","potentialAction":[{"@type":"SearchAction","target":{"@type":"EntryPoint","urlTemplate":"https:\/\/praxis-duong.de\/?s={search_term_string}"},"query-input":{"@type":"PropertyValueSpecification","valueRequired":true,"valueName":"search_term_string"}}],"inLanguage":"en-GB"}]}},"_links":{"self":[{"href":"https:\/\/praxis-duong.de\/gb\/wp-json\/wp\/v2\/pages\/797","targetHints":{"allow":["GET"]}}],"collection":[{"href":"https:\/\/praxis-duong.de\/gb\/wp-json\/wp\/v2\/pages"}],"about":[{"href":"https:\/\/praxis-duong.de\/gb\/wp-json\/wp\/v2\/types\/page"}],"author":[{"embeddable":true,"href":"https:\/\/praxis-duong.de\/gb\/wp-json\/wp\/v2\/users\/1"}],"replies":[{"embeddable":true,"href":"https:\/\/praxis-duong.de\/gb\/wp-json\/wp\/v2\/comments?post=797"}],"version-history":[{"count":148,"href":"https:\/\/praxis-duong.de\/gb\/wp-json\/wp\/v2\/pages\/797\/revisions"}],"predecessor-version":[{"id":2359,"href":"https:\/\/praxis-duong.de\/gb\/wp-json\/wp\/v2\/pages\/797\/revisions\/2359"}],"up":[{"embeddable":true,"href":"https:\/\/praxis-duong.de\/gb\/wp-json\/wp\/v2\/pages\/2"}],"wp:attachment":[{"href":"https:\/\/praxis-duong.de\/gb\/wp-json\/wp\/v2\/media?parent=797"}],"curies":[{"name":"wp","href":"https:\/\/api.w.org\/{rel}","templated":true}]}}