{"id":33,"date":"2015-01-01T15:59:51","date_gmt":"2015-01-01T14:59:51","guid":{"rendered":"http:\/\/praxis-duong.de\/?page_id=33"},"modified":"2021-12-13T06:43:19","modified_gmt":"2021-12-13T05:43:19","slug":"impressum","status":"publish","type":"page","link":"https:\/\/praxis-duong.de\/gb\/arzt-wittmund\/impressum\/","title":{"rendered":"Impressum"},"content":{"rendered":"\n<pre class=\"wp-block-preformatted\">Allgemeinarztpraxis\nKhanh-Tho  Duong\nArzt f\u00fcr Allgemein- u. Rettungsmedizin\nNeue Str. 8, 26409 Wittmund - Carolinensiel\nTel (04464)205 Fax (04464)8528\nmail: info@praxis-duong.de\nInternetadresse dieser Website: https:\/\/praxis-duong.de<\/pre>\n\n\n\n<p>Verantwortlich f\u00fcr diese Internetpr\u00e4senz gem\u00e4\u00df \u00a710 Absatz 3 MDStV:<br \/>Khanh-Tho Duong<\/p>\n\n\n\n<p>KV-Betriebsst\u00e4ttennummer: 068 067 400<\/p>\n\n\n\n<p>Zust\u00e4ndige \u00c4rztekammer:<br \/><a href=\"https:\/\/www.aekn.de\/\" target=\"_blank\" rel=\"noopener noreferrer\">\u00c4rztekammer Niedersachsen<\/a><br \/>Berliner Allee 20<br \/>30175 Hannover<\/p>\n\n\n\n<p>Zust\u00e4ndige Aufsichtsbeh\u00f6rde:<br \/><a href=\"http:\/\/www.kvn.de\/\" target=\"_blank\" rel=\"noopener noreferrer\">Kassen\u00e4rztliche Vereinigung Niedersachsen<\/a><br \/>Berliner Allee 20<br \/>30175 Hannover<\/p>\n\n\n\n<p>Wir halten uns an die berufsrechtlichen Regelungen:<br \/><a rel=\"noopener noreferrer\" href=\"http:\/\/www.gesetze-im-internet.de\/_appro_2002\/BJNR240500002.html\" target=\"_blank\">Approbationsordnung f\u00fcr \u00c4rzte<\/a> (\u00c4ApprO)2002, zuletzt ge\u00e4ndert am 2.8.2013<br \/><a href=\"https:\/\/www.aekn.de\/arztspezial\/arzt-und-recht\/\" target=\"_blank\" rel=\"noreferrer noopener\" aria-label=\"Berufsordnung der \u00c4rztekammer Niedersachsen (\u00f6ffnet in neuem Tab)\">Berufsordnung der \u00c4rztekammer Niedersachsen<\/a>, mit Wirkung zum 01.02.2016<\/p>\n\n\n\n<p>Zweck und Ziel dieser Website:<br \/>Wir m\u00f6chten \u00fcber unsere Praxis, unser Team, unser Leitungsspektrum und<br \/>unseren Standort informieren. Eine Beteiligung von Sponsoren, Partner-<br \/>schaften, oder sonstigen Institutionen findet sich nicht.<\/p>\n\n\n\n<p>Datenschutz:<br \/>Per Email an uns \u00fcbermittelte Daten und\/oder personengebundene<br \/>Informationen werden nach den Grunds\u00e4tzen der \u00e4rztlichen Schweigepflicht<br \/>streng vertraulich behandelt. Bitte beachten Sie, dass Emails<br \/>unverschl\u00fcsselt \u00fcbertragen werden und so vor missbr\u00e4uchlichem Zugriff<br \/>von Dritten nicht gesch\u00fctzt sind.<\/p>\n\n\n\n<p>Information der Praxis zur EU-Datenschutzgrundverordnung:<br \/><a href=\"https:\/\/praxis-duong.de\/wp-content\/uploads\/2018\/05\/20180525-Patienteninformation.pdf\" target=\"_blank\" rel=\"noopener noreferrer\">Praxisinformation zu DSGVO<\/a><\/p>\n\n\n\n<p>Welche personenbezogenen Daten wir sammeln:<br \/>Diese Website ist lediglich zur Information der Leserschaft vorgesehen. Eine Registrierung des Benutzers, das Hochladen von Kommentare, Medien und Kontaktformulare durch den Benutzer sind nicht m\u00f6glich. Wir sammeln daher auch keine personenbezogenen Daten \u00fcber diese Website.<\/p>\n\n\n\n<p>Eingebettete Inhalte von andren Websites:<br \/>Eingebettete Inhalte von anderen Websites verhalten sich exakt so, als ob der Besucher die andere Website besucht h\u00e4tte. Diese Websites k\u00f6nnen Daten \u00fcber Sie sammeln, Cookies benutzen, zus\u00e4tzliche Tracking-Dienste von Dritten einbetten und Ihre Interaktion mit diesem eingebetteten Inhalt aufzeichnen.<\/p>\n\n\n\n<p><strong>Google Analytics<\/strong><br \/>Diese Website benutzt Google Analytics, einen Webanalysedienst der Google Inc. (\u201cGoogle\u201c). Google Analytics verwendet sog. \u201cCookies\u201c, Textdateien, die auf Ihrem Computer gespeichert werden und die eine Analyse der Benutzung der Website durch Sie erm\u00f6glicht. Die durch den Cookie erzeugten Informationen \u00fcber Ihre Benutzung dieser Website (einschlie\u00dflich Ihrer IP-Adresse) wird an einen Server von Google in den USA \u00fcbertragen und dort gespeichert. Google wird diese Informationen benutzen, um Ihre Nutzung der Website auszuwerten, um Reports \u00fcber die Websiteaktivit\u00e4ten f\u00fcr die Websitebetreiber zusammenzustellen und um weitere mit der Websitenutzung und der Internetnutzung verbundene Dienstleistungen zu erbringen. Auch wird Google diese Informationen gegebenenfalls an Dritte \u00fcbertragen, sofern dies gesetzlich vorgeschrieben oder soweit Dritte diese Daten im Auftrag von Google verarbeiten. Google wird in keinem Fall Ihre IP-Adresse mit anderen Daten der Google in Verbindung bringen. Sie k\u00f6nnen die Installation der Cookies durch eine entsprechende Einstellung Ihrer Browser Software verhindern; wir weisen Sie jedoch darauf hin, dass Sie in diesem Fall gegebenenfalls nicht s\u00e4mtliche Funktionen dieser Website voll umf\u00e4nglich nutzen k\u00f6nnen. Durch die Nutzung dieser Website erkl\u00e4ren Sie sich mit der Bearbeitung der \u00fcber Sie erhobenen Daten durch Google in der zuvor beschriebenen Art und Weise und zu dem zuvor benannten Zweck einverstanden.<\/p>\n\n\n\n<p>Haftungsausschluss:<br \/>Die Inhalte unserer Website wurden mit gr\u00f6\u00dfter Sorgfalt erstellt. F\u00fcr<br \/>die Richtigkeit, Vollst\u00e4ndigkeit und Aktualit\u00e4t der Inhalte k\u00f6nnen wir<br \/>jedoch keine Gew\u00e4hr \u00fcbernehmen.<br \/>Trotz sorgf\u00e4ltiger inhaltlicher Kontrolle \u00fcbernehmen wir keine Haftung<br \/>f\u00fcr die Inhalte externer Links. F\u00fcr den Inhalt der verlinkten Seiten<br \/>sind ausschlie\u00dflich derer Betreiber verantwortlich.<br \/>Auf diesem elektronischen Wege bearbeiten wir keine individuelle<br \/>klinische Anfrage (\u00fcber Krankheit und derer Behandlung).<\/p>\n\n\n\n<p><\/p>\n\n\n\n<p><\/p>\n","protected":false},"excerpt":{"rendered":"<p>Allgemeinarztpraxis Khanh-Tho Duong Arzt f\u00fcr Allgemein- u. Rettungsmedizin Neue Str. 8, 26409 Wittmund &#8211; Carolinensiel Tel (04464)205 Fax (04464)8528 mail: info@praxis-duong.de Internetadresse dieser Website: https:\/\/praxis-duong.de Verantwortlich f\u00fcr diese Internetpr\u00e4senz gem\u00e4\u00df \u00a710 Absatz 3 MDStV:Khanh-Tho Duong KV-Betriebsst\u00e4ttennummer: 068 067 400 Zust\u00e4ndige &hellip; <a href=\"https:\/\/praxis-duong.de\/gb\/arzt-wittmund\/impressum\/\">Continue reading <span class=\"meta-nav\">&rarr;<\/span><\/a><\/p>\n","protected":false},"author":1,"featured_media":0,"parent":2,"menu_order":8,"comment_status":"closed","ping_status":"closed","template":"sidebar-page.php","meta":{"footnotes":""},"class_list":["post-33","page","type-page","status-publish","hentry"],"translation":{"provider":"WPGlobus","version":"3.0.2","language":"gb","enabled_languages":["de","gb"],"languages":{"de":{"title":true,"content":true,"excerpt":false},"gb":{"title":false,"content":false,"excerpt":false}}},"yoast_head":"<!-- This site is optimized with the Yoast SEO plugin v27.5 - https:\/\/yoast.com\/product\/yoast-seo-wordpress\/ -->\n<title>Impressum - Hausarztpraxis Khanh-Tho Duong<\/title>\n<meta name=\"robots\" content=\"index, follow, max-snippet:-1, max-image-preview:large, max-video-preview:-1\" \/>\n<link rel=\"canonical\" href=\"https:\/\/praxis-duong.de\/arzt-wittmund\/impressum\/\" \/>\n<meta property=\"og:locale\" content=\"en_GB\" \/>\n<meta property=\"og:type\" content=\"article\" \/>\n<meta property=\"og:title\" content=\"Impressum - Hausarztpraxis Khanh-Tho Duong\" \/>\n<meta property=\"og:url\" content=\"https:\/\/praxis-duong.de\/arzt-wittmund\/impressum\/\" \/>\n<meta property=\"og:site_name\" content=\"Hausarztpraxis Khanh-Tho Duong\" \/>\n<meta property=\"article:modified_time\" content=\"2021-12-13T05:43:19+00:00\" \/>\n<meta name=\"twitter:label1\" content=\"Estimated reading time\" \/>\n\t<meta name=\"twitter:data1\" content=\"3 minutes\" \/>\n<script type=\"application\/ld+json\" class=\"yoast-schema-graph\">{\"@context\":\"https:\\\/\\\/schema.org\",\"@graph\":[{\"@type\":\"WebPage\",\"@id\":\"https:\\\/\\\/praxis-duong.de\\\/arzt-wittmund\\\/impressum\\\/\",\"url\":\"https:\\\/\\\/praxis-duong.de\\\/arzt-wittmund\\\/impressum\\\/\",\"name\":\"Impressum - Hausarztpraxis Khanh-Tho Duong\",\"isPartOf\":{\"@id\":\"https:\\\/\\\/praxis-duong.de\\\/#website\"},\"datePublished\":\"2015-01-01T14:59:51+00:00\",\"dateModified\":\"2021-12-13T05:43:19+00:00\",\"breadcrumb\":{\"@id\":\"https:\\\/\\\/praxis-duong.de\\\/arzt-wittmund\\\/impressum\\\/#breadcrumb\"},\"inLanguage\":\"en-GB\",\"potentialAction\":[{\"@type\":\"ReadAction\",\"target\":[\"https:\\\/\\\/praxis-duong.de\\\/arzt-wittmund\\\/impressum\\\/\"]}]},{\"@type\":\"BreadcrumbList\",\"@id\":\"https:\\\/\\\/praxis-duong.de\\\/arzt-wittmund\\\/impressum\\\/#breadcrumb\",\"itemListElement\":[{\"@type\":\"ListItem\",\"position\":1,\"name\":\"Home\",\"item\":\"https:\\\/\\\/praxis-duong.de\\\/\"},{\"@type\":\"ListItem\",\"position\":2,\"name\":\"Herzlich Willkommen!\",\"item\":\"https:\\\/\\\/praxis-duong.de\\\/\"},{\"@type\":\"ListItem\",\"position\":3,\"name\":\"Impressum\"}]},{\"@type\":\"WebSite\",\"@id\":\"https:\\\/\\\/praxis-duong.de\\\/#website\",\"url\":\"https:\\\/\\\/praxis-duong.de\\\/\",\"name\":\"Hausarztpraxis Khanh-Tho Duong\",\"description\":\"General practice in the seaside spa town of Carolinensiel\",\"potentialAction\":[{\"@type\":\"SearchAction\",\"target\":{\"@type\":\"EntryPoint\",\"urlTemplate\":\"https:\\\/\\\/praxis-duong.de\\\/?s={search_term_string}\"},\"query-input\":{\"@type\":\"PropertyValueSpecification\",\"valueRequired\":true,\"valueName\":\"search_term_string\"}}],\"inLanguage\":\"en-GB\"}]}<\/script>\n<!-- \/ Yoast SEO plugin. -->","yoast_head_json":{"title":"Impressum - Hausarztpraxis Khanh-Tho Duong","robots":{"index":"index","follow":"follow","max-snippet":"max-snippet:-1","max-image-preview":"max-image-preview:large","max-video-preview":"max-video-preview:-1"},"canonical":"https:\/\/praxis-duong.de\/arzt-wittmund\/impressum\/","og_locale":"en_GB","og_type":"article","og_title":"Impressum - Hausarztpraxis Khanh-Tho Duong","og_url":"https:\/\/praxis-duong.de\/arzt-wittmund\/impressum\/","og_site_name":"Hausarztpraxis Khanh-Tho Duong","article_modified_time":"2021-12-13T05:43:19+00:00","twitter_misc":{"Estimated reading time":"3 minutes"},"schema":{"@context":"https:\/\/schema.org","@graph":[{"@type":"WebPage","@id":"https:\/\/praxis-duong.de\/arzt-wittmund\/impressum\/","url":"https:\/\/praxis-duong.de\/arzt-wittmund\/impressum\/","name":"Impressum - Hausarztpraxis Khanh-Tho Duong","isPartOf":{"@id":"https:\/\/praxis-duong.de\/#website"},"datePublished":"2015-01-01T14:59:51+00:00","dateModified":"2021-12-13T05:43:19+00:00","breadcrumb":{"@id":"https:\/\/praxis-duong.de\/arzt-wittmund\/impressum\/#breadcrumb"},"inLanguage":"en-GB","potentialAction":[{"@type":"ReadAction","target":["https:\/\/praxis-duong.de\/arzt-wittmund\/impressum\/"]}]},{"@type":"BreadcrumbList","@id":"https:\/\/praxis-duong.de\/arzt-wittmund\/impressum\/#breadcrumb","itemListElement":[{"@type":"ListItem","position":1,"name":"Home","item":"https:\/\/praxis-duong.de\/"},{"@type":"ListItem","position":2,"name":"Herzlich Willkommen!","item":"https:\/\/praxis-duong.de\/"},{"@type":"ListItem","position":3,"name":"Impressum"}]},{"@type":"WebSite","@id":"https:\/\/praxis-duong.de\/#website","url":"https:\/\/praxis-duong.de\/","name":"Hausarztpraxis Khanh-Tho Duong","description":"General practice in the seaside spa town of Carolinensiel","potentialAction":[{"@type":"SearchAction","target":{"@type":"EntryPoint","urlTemplate":"https:\/\/praxis-duong.de\/?s={search_term_string}"},"query-input":{"@type":"PropertyValueSpecification","valueRequired":true,"valueName":"search_term_string"}}],"inLanguage":"en-GB"}]}},"_links":{"self":[{"href":"https:\/\/praxis-duong.de\/gb\/wp-json\/wp\/v2\/pages\/33","targetHints":{"allow":["GET"]}}],"collection":[{"href":"https:\/\/praxis-duong.de\/gb\/wp-json\/wp\/v2\/pages"}],"about":[{"href":"https:\/\/praxis-duong.de\/gb\/wp-json\/wp\/v2\/types\/page"}],"author":[{"embeddable":true,"href":"https:\/\/praxis-duong.de\/gb\/wp-json\/wp\/v2\/users\/1"}],"replies":[{"embeddable":true,"href":"https:\/\/praxis-duong.de\/gb\/wp-json\/wp\/v2\/comments?post=33"}],"version-history":[{"count":54,"href":"https:\/\/praxis-duong.de\/gb\/wp-json\/wp\/v2\/pages\/33\/revisions"}],"predecessor-version":[{"id":2896,"href":"https:\/\/praxis-duong.de\/gb\/wp-json\/wp\/v2\/pages\/33\/revisions\/2896"}],"up":[{"embeddable":true,"href":"https:\/\/praxis-duong.de\/gb\/wp-json\/wp\/v2\/pages\/2"}],"wp:attachment":[{"href":"https:\/\/praxis-duong.de\/gb\/wp-json\/wp\/v2\/media?parent=33"}],"curies":[{"name":"wp","href":"https:\/\/api.w.org\/{rel}","templated":true}]}}